{"id":2344,"date":"2023-06-28T00:52:11","date_gmt":"2023-06-27T22:52:11","guid":{"rendered":"https:\/\/persianas.devserver.ovh\/contacte\/"},"modified":"2025-03-27T12:31:22","modified_gmt":"2025-03-27T11:31:22","slug":"contacte","status":"publish","type":"page","link":"https:\/\/reparaciondepersianasensantcugat.com\/ca\/contacte\/","title":{"rendered":"Contacte"},"content":{"rendered":"<div class=\"wpb-content-wrapper\"><!DOCTYPE html PUBLIC \"-\/\/W3C\/\/DTD HTML 4.0 Transitional\/\/EN\" \"http:\/\/www.w3.org\/TR\/REC-html40\/loose.dtd\">\n<html><body><p>[vc_section content_placement=&rdquo;middle&rdquo;][vc_row][vc_column][vc_custom_heading text=&rdquo;Sol&middot;licita m&eacute;s informaci&oacute;&rdquo; use_theme_fonts=&rdquo;yes&rdquo; css=&rdquo;.vc_custom_1726768615012{padding-bottom: 30px !important;}&rdquo;]\n<div class=\"wpcf7 no-js\" id=\"wpcf7-f2374-o1\" lang=\"ca\" dir=\"ltr\" data-wpcf7-id=\"2374\">\n<div class=\"screen-reader-response\"><p role=\"status\" aria-live=\"polite\" aria-atomic=\"true\"><\/p> <ul><\/ul><\/div>\n<form action=\"\/ca\/wp-json\/wp\/v2\/pages\/2344#wpcf7-f2374-o1\" method=\"post\" class=\"wpcf7-form init\" aria-label=\"Contact form\" novalidate=\"novalidate\" data-status=\"init\">\n<div style=\"display: none;\">\n<input type=\"hidden\" name=\"_wpcf7\" value=\"2374\" \/>\n<input type=\"hidden\" name=\"_wpcf7_version\" value=\"6.0.5\" \/>\n<input type=\"hidden\" name=\"_wpcf7_locale\" value=\"ca\" \/>\n<input type=\"hidden\" name=\"_wpcf7_unit_tag\" value=\"wpcf7-f2374-o1\" \/>\n<input type=\"hidden\" name=\"_wpcf7_container_post\" value=\"0\" \/>\n<input type=\"hidden\" name=\"_wpcf7_posted_data_hash\" value=\"\" \/>\n<\/div>\n<div class=\"row py-4 mx-1 mx-md-0 pl-lg-2 pr-lg-1 mr-lg-1 bg-white\">\r\n    <div class=\"col-12 col-lg-6\">\r\n        <span class=\"wpcf7-form-control-wrap\" data-name=\"contact-name\"><input size=\"40\" maxlength=\"400\" class=\"wpcf7-form-control wpcf7-text wpcf7-validates-as-required form-control form-icon form-icon-name\" autocomplete=\"name\" aria-required=\"true\" aria-invalid=\"false\" placeholder=\"Nom\" value=\"\" type=\"text\" name=\"contact-name\" \/><\/span>\r\n    <\/div>\r\n    <div class=\"col-12 col-lg-6\">\r\n        <span class=\"wpcf7-form-control-wrap\" data-name=\"contact-email\"><input size=\"40\" maxlength=\"400\" class=\"wpcf7-form-control wpcf7-email wpcf7-validates-as-required wpcf7-text wpcf7-validates-as-email form-control form-icon form-icon-email\" autocomplete=\"email\" aria-required=\"true\" aria-invalid=\"false\" placeholder=\"Email\" value=\"\" type=\"email\" name=\"contact-email\" \/><\/span>\r\n    <\/div>\r\n    <div class=\"col-12 col-lg-6\">\r\n        <span class=\"wpcf7-form-control-wrap\" data-name=\"population\"><input size=\"40\" maxlength=\"400\" class=\"wpcf7-form-control wpcf7-text form-control form-icon form-icon-population\" aria-invalid=\"false\" placeholder=\"Poblaci\u00f3\" value=\"\" type=\"text\" name=\"population\" \/><\/span>\r\n    <\/div>\r\n    <div class=\"col-12 col-lg-6\">\r\n<label class=\"input-label\" for=\"service-type\">\r\n        <span class=\"wpcf7-form-control-wrap\" data-name=\"service-type\"><select class=\"wpcf7-form-control wpcf7-select form-control form-icon form-icon-service\" aria-invalid=\"false\" name=\"service-type\"><option value=\"Instal\u00b7laci\u00f3 de Persianes\">Instal\u00b7laci\u00f3 de Persianes<\/option><option value=\"Instal\u00b7laci\u00f3 de Tendals\">Instal\u00b7laci\u00f3 de Tendals<\/option><option value=\"Instal\u00b7laci\u00f3 de Mosquiteres\">Instal\u00b7laci\u00f3 de Mosquiteres<\/option><option value=\"Reparaci\u00f3 de Persianes\">Reparaci\u00f3 de Persianes<\/option><option value=\"Reparaci\u00f3 de Tendals\">Reparaci\u00f3 de Tendals<\/option><option value=\"Motoritzaci\u00f3 de Persianes\">Motoritzaci\u00f3 de Persianes<\/option><option value=\"Motoritzaci\u00f3 de Tendals\">Motoritzaci\u00f3 de Tendals<\/option><\/select><\/span>\r\n<\/label>\r\n    <\/div>\r\n    <div class=\"col-12\">\r\n        <span class=\"wpcf7-form-control-wrap\" data-name=\"message\"><textarea cols=\"40\" rows=\"10\" maxlength=\"2000\" class=\"wpcf7-form-control wpcf7-textarea form-control form-icon form-icon-message\" aria-invalid=\"false\" placeholder=\"Mensaje\" name=\"message\"><\/textarea><\/span>\r\n    <\/div>\r\n    <div class=\"col-12 text-right\">\r\n        <input class=\"wpcf7-form-control wpcf7-submit has-spinner btn btn-primary\" type=\"submit\" value=\"Enviar\" \/>\r\n    <\/div>\r\n<\/div><div class=\"wpcf7-response-output\" aria-hidden=\"true\"><\/div>\n<\/form>\n<\/div>\n[\/vc_column][\/vc_row][vc_row el_class=&rdquo;rwd-contact-three-columns&rdquo;][vc_column offset=&rdquo;vc_col-md-4&Prime;][vc_single_image image=&rdquo;693&Prime; img_size=&rdquo;full&rdquo; alignment=&rdquo;center&rdquo; el_class=&rdquo;pb-3&Prime;][vc_column_text]<\/p>\n<p style=\"text-align: center;\"><a href=\"tel+34931197263\">+ 34 931 197 263<\/a><\/p>\n<p>[\/vc_column_text][\/vc_column][vc_column offset=&rdquo;vc_col-md-4&Prime;][vc_single_image image=&rdquo;695&Prime; img_size=&rdquo;full&rdquo; alignment=&rdquo;center&rdquo; el_class=&rdquo;pb-3&Prime;][vc_column_text]<\/p>\n<p style=\"text-align: center;\"><a href=\"https:\/\/web.whatsapp.com\/\" target=\"_blank\" rel=\"noopener\">+34 683 133 393<\/a><\/p>\n<p>[\/vc_column_text][\/vc_column][vc_column offset=&rdquo;vc_col-md-4&Prime;][vc_single_image image=&rdquo;697&Prime; img_size=&rdquo;full&rdquo; alignment=&rdquo;center&rdquo; el_class=&rdquo;pb-3&Prime;][vc_column_text css=&rdquo;&rdquo;]<\/p>\n<p style=\"text-align: center;\"><a href=\"mailto:persianasdomesticas@gmail.com\">persianasdomesticas@gmail.com<\/a><\/p>\n<p>[\/vc_column_text][\/vc_column][\/vc_row][\/vc_section][vc_row][vc_column][vc_gmaps link=&rdquo;#E-8_JTNDaWZyYW1lJTIwc3JjJTNEJTIyaHR0cHMlM0ElMkYlMkZ3d3cuZ29vZ2xlLmNvbSUyRm1hcHMlMkZlbWJlZCUzRnBiJTNEJTIxMW0xOCUyMTFtMTIlMjExbTMlMjExZDE0OTQuMjU0NjYzNjA1OTM4JTIxMmQyLjE3NjE1Nzk3NTI3Njk2NjYlMjEzZDQxLjQ5MzIzNjI0NzI3NjI4JTIxMm0zJTIxMWYwJTIxMmYwJTIxM2YwJTIxM20yJTIxMWkxMDI0JTIxMmk3NjglMjE0ZjEzLjElMjEzbTMlMjExbTIlMjExczB4MTJhNGJlMDkxZDgxODg1MSUyNTNBMHhhMWNlZmE2MjFmYWJhZjM3JTIxMnNQRVJTSUFOQVMlMjUyMERPTUVTVElDQVMlMjUyMFMuTC4lMjE1ZTAlMjEzbTIlMjExc2VzJTIxMnNlcyUyMTR2MTc0MzAxNzY4NjA2OSUyMTVtMiUyMTFzZXMlMjEyc2VzJTIyJTIwd2lkdGglM0QlMjI2MDAlMjIlMjBoZWlnaHQlM0QlMjI0NTAlMjIlMjBzdHlsZSUzRCUyMmJvcmRlciUzQTAlM0IlMjIlMjBhbGxvd2Z1bGxzY3JlZW4lM0QlMjIlMjIlMjBsb2FkaW5nJTNEJTIybGF6eSUyMiUyMHJlZmVycmVycG9saWN5JTNEJTIybm8tcmVmZXJyZXItd2hlbi1kb3duZ3JhZGUlMjIlM0UlM0MlMkZpZnJhbWUlM0U=&rdquo; css=&rdquo;&rdquo;][\/vc_column][\/vc_row]<\/p>\n<\/body><\/html>\n<\/div>","protected":false},"excerpt":{"rendered":"[vc_section content_placement=&rdquo;middle&rdquo;][vc_row][vc_column][vc_custom_heading text=&rdquo;Sol&middot;licita m&eacute;s informaci&oacute;&rdquo; use_theme_fonts=&rdquo;yes&rdquo; css=&rdquo;.vc_custom_1726768615012{padding-bottom: 30px !important;}&rdquo;][\/vc_column][\/vc_row][vc_row el_class=&rdquo;rwd-contact-three-columns&rdquo;][vc_column offset=&rdquo;vc_col-md-4&Prime;][vc_single_image image=&rdquo;693&Prime; img_size=&rdquo;full&rdquo; alignment=&rdquo;center&rdquo; el_class=&rdquo;pb-3&Prime;][vc_column_text] + 34 931 197 263 [\/vc_column_text][\/vc_column][vc_column offset=&rdquo;vc_col-md-4&Prime;][vc_single_image image=&rdquo;695&Prime; img_size=&rdquo;full&rdquo; alignment=&rdquo;center&rdquo; el_class=&rdquo;pb-3&Prime;][vc_column_text] +34 683 133 393 [\/vc_column_text][\/vc_column][vc_column offset=&rdquo;vc_col-md-4&Prime;][vc_single_image image=&rdquo;697&Prime; img_size=&rdquo;full&rdquo; alignment=&rdquo;center&rdquo; el_class=&rdquo;pb-3&Prime;][vc_column_text css=&rdquo;&rdquo;] persianasdomesticas@gmail.com [\/vc_column_text][\/vc_column][\/vc_row][\/vc_section][vc_row][vc_column][vc_gmaps link=&rdquo;#E-8_JTNDaWZyYW1lJTIwc3JjJTNEJTIyaHR0cHMlM0ElMkYlMkZ3d3cuZ29vZ2xlLmNvbSUyRm1hcHMlMkZlbWJlZCUzRnBiJTNEJTIxMW0xOCUyMTFtMTIlMjExbTMlMjExZDE0OTQuMjU0NjYzNjA1OTM4JTIxMmQyLjE3NjE1Nzk3NTI3Njk2NjYlMjEzZDQxLjQ5MzIzNjI0NzI3NjI4JTIxMm0zJTIxMWYwJTIxMmYwJTIxM2YwJTIxM20yJTIxMWkxMDI0JTIxMmk3NjglMjE0ZjEzLjElMjEzbTMlMjExbTIlMjExczB4MTJhNGJlMDkxZDgxODg1MSUyNTNBMHhhMWNlZmE2MjFmYWJhZjM3JTIxMnNQRVJTSUFOQVMlMjUyMERPTUVTVElDQVMlMjUyMFMuTC4lMjE1ZTAlMjEzbTIlMjExc2VzJTIxMnNlcyUyMTR2MTc0MzAxNzY4NjA2OSUyMTVtMiUyMTFzZXMlMjEyc2VzJTIyJTIwd2lkdGglM0QlMjI2MDAlMjIlMjBoZWlnaHQlM0QlMjI0NTAlMjIlMjBzdHlsZSUzRCUyMmJvcmRlciUzQTAlM0IlMjIlMjBhbGxvd2Z1bGxzY3JlZW4lM0QlMjIlMjIlMjBsb2FkaW5nJTNEJTIybGF6eSUyMiUyMHJlZmVycmVycG9saWN5JTNEJTIybm8tcmVmZXJyZXItd2hlbi1kb3duZ3JhZGUlMjIlM0UlM0MlMkZpZnJhbWUlM0U=&rdquo; css=&rdquo;&rdquo;][\/vc_column][\/vc_row]","protected":false},"author":1,"featured_media":993,"parent":0,"menu_order":0,"comment_status":"closed","ping_status":"closed","template":"","meta":{"_acf_changed":false,"inline_featured_image":false,"footnotes":""},"class_list":["post-2344","page","type-page","status-publish","has-post-thumbnail","hentry"],"acf":[],"yoast_head":"<!-- This site is optimized with the Yoast SEO plugin v24.7 - https:\/\/yoast.com\/wordpress\/plugins\/seo\/ -->\n<title>Contacte - Persianas Dom\u00e9sticas<\/title>\n<meta name=\"description\" content=\"Si vius en Sant Cugat, posa&#039;t en contacte amb Persianas Dom\u00e9sticas, instal\u00b7laci\u00f3, reparaci\u00f3 i motoritzaci\u00f3 de persianes, tendals i mosquiteres\" \/>\n<meta name=\"robots\" content=\"index, follow, max-snippet:-1, max-image-preview:large, max-video-preview:-1\" \/>\n<link rel=\"canonical\" href=\"https:\/\/reparaciondepersianasensantcugat.com\/ca\/contacte\/\" \/>\n<meta property=\"og:locale\" content=\"ca_ES\" \/>\n<meta property=\"og:type\" content=\"article\" \/>\n<meta property=\"og:title\" content=\"Contacte - Persianas Dom\u00e9sticas\" \/>\n<meta property=\"og:description\" content=\"Si vius en Sant Cugat, posa&#039;t en contacte amb Persianas Dom\u00e9sticas, instal\u00b7laci\u00f3, reparaci\u00f3 i motoritzaci\u00f3 de persianes, tendals i mosquiteres\" \/>\n<meta property=\"og:url\" content=\"https:\/\/reparaciondepersianasensantcugat.com\/ca\/contacte\/\" \/>\n<meta property=\"og:site_name\" content=\"Persianas Dom\u00e9sticas\" \/>\n<meta property=\"article:publisher\" content=\"https:\/\/www.instagram.com\/persianasdomesticas\/\" \/>\n<meta property=\"article:modified_time\" content=\"2025-03-27T11:31:22+00:00\" \/>\n<meta property=\"og:image\" content=\"https:\/\/reparaciondepersianasensantcugat.com\/wp-content\/uploads\/2024\/11\/Instalacion-de-persianas-de-aluminio-en-Sant-Cugat.jpg\" \/>\n\t<meta property=\"og:image:width\" content=\"800\" \/>\n\t<meta property=\"og:image:height\" content=\"600\" \/>\n\t<meta property=\"og:image:type\" content=\"image\/jpeg\" \/>\n<meta name=\"twitter:card\" content=\"summary_large_image\" \/>\n<script type=\"application\/ld+json\" class=\"yoast-schema-graph\">{\"@context\":\"https:\/\/schema.org\",\"@graph\":[{\"@type\":\"WebPage\",\"@id\":\"https:\/\/reparaciondepersianasensantcugat.com\/ca\/contacte\/\",\"url\":\"https:\/\/reparaciondepersianasensantcugat.com\/ca\/contacte\/\",\"name\":\"Contacte - Persianas Dom\u00e9sticas\",\"isPartOf\":{\"@id\":\"https:\/\/reparaciondepersianasensantcugat.com\/ca\/#website\"},\"primaryImageOfPage\":{\"@id\":\"https:\/\/reparaciondepersianasensantcugat.com\/ca\/contacte\/#primaryimage\"},\"image\":{\"@id\":\"https:\/\/reparaciondepersianasensantcugat.com\/ca\/contacte\/#primaryimage\"},\"thumbnailUrl\":\"https:\/\/reparaciondepersianasensantcugat.com\/wp-content\/uploads\/2024\/11\/Instalacion-de-persianas-de-aluminio-en-Sant-Cugat.jpg\",\"datePublished\":\"2023-06-27T22:52:11+00:00\",\"dateModified\":\"2025-03-27T11:31:22+00:00\",\"description\":\"Si vius en Sant Cugat, posa't en contacte amb Persianas Dom\u00e9sticas, instal\u00b7laci\u00f3, reparaci\u00f3 i motoritzaci\u00f3 de persianes, tendals i mosquiteres\",\"inLanguage\":\"ca\",\"potentialAction\":[{\"@type\":\"ReadAction\",\"target\":[\"https:\/\/reparaciondepersianasensantcugat.com\/ca\/contacte\/\"]}]},{\"@type\":\"ImageObject\",\"inLanguage\":\"ca\",\"@id\":\"https:\/\/reparaciondepersianasensantcugat.com\/ca\/contacte\/#primaryimage\",\"url\":\"https:\/\/reparaciondepersianasensantcugat.com\/wp-content\/uploads\/2024\/11\/Instalacion-de-persianas-de-aluminio-en-Sant-Cugat.jpg\",\"contentUrl\":\"https:\/\/reparaciondepersianasensantcugat.com\/wp-content\/uploads\/2024\/11\/Instalacion-de-persianas-de-aluminio-en-Sant-Cugat.jpg\",\"width\":800,\"height\":600,\"caption\":\"Instalacio\u0301n de persianas de aluminio en Sant Cugat\"},{\"@type\":\"WebSite\",\"@id\":\"https:\/\/reparaciondepersianasensantcugat.com\/ca\/#website\",\"url\":\"https:\/\/reparaciondepersianasensantcugat.com\/ca\/\",\"name\":\"Persianas Dom\u00e9sticas\",\"description\":\"Persianas, toldos y mosquiteras en Sant Cugat\",\"publisher\":{\"@id\":\"https:\/\/reparaciondepersianasensantcugat.com\/ca\/#organization\"},\"potentialAction\":[{\"@type\":\"SearchAction\",\"target\":{\"@type\":\"EntryPoint\",\"urlTemplate\":\"https:\/\/reparaciondepersianasensantcugat.com\/ca\/?s={search_term_string}\"},\"query-input\":{\"@type\":\"PropertyValueSpecification\",\"valueRequired\":true,\"valueName\":\"search_term_string\"}}],\"inLanguage\":\"ca\"},{\"@type\":\"Organization\",\"@id\":\"https:\/\/reparaciondepersianasensantcugat.com\/ca\/#organization\",\"name\":\"Persianas Dom\u00e9sticas\",\"url\":\"https:\/\/reparaciondepersianasensantcugat.com\/ca\/\",\"logo\":{\"@type\":\"ImageObject\",\"inLanguage\":\"ca\",\"@id\":\"https:\/\/reparaciondepersianasensantcugat.com\/ca\/#\/schema\/logo\/image\/\",\"url\":\"https:\/\/reparaciondepersianasensantcugat.com\/wp-content\/uploads\/2025\/03\/cropped-favicon.jpg\",\"contentUrl\":\"https:\/\/reparaciondepersianasensantcugat.com\/wp-content\/uploads\/2025\/03\/cropped-favicon.jpg\",\"width\":512,\"height\":512,\"caption\":\"Persianas Dom\u00e9sticas\"},\"image\":{\"@id\":\"https:\/\/reparaciondepersianasensantcugat.com\/ca\/#\/schema\/logo\/image\/\"},\"sameAs\":[\"https:\/\/www.instagram.com\/persianasdomesticas\/\",\"https:\/\/www.youtube.com\/c\/Persianasdomesticas\"]}]}<\/script>\n<!-- \/ Yoast SEO plugin. -->","yoast_head_json":{"title":"Contacte - Persianas Dom\u00e9sticas","description":"Si vius en Sant Cugat, posa't en contacte amb Persianas Dom\u00e9sticas, instal\u00b7laci\u00f3, reparaci\u00f3 i motoritzaci\u00f3 de persianes, tendals i mosquiteres","robots":{"index":"index","follow":"follow","max-snippet":"max-snippet:-1","max-image-preview":"max-image-preview:large","max-video-preview":"max-video-preview:-1"},"canonical":"https:\/\/reparaciondepersianasensantcugat.com\/ca\/contacte\/","og_locale":"ca_ES","og_type":"article","og_title":"Contacte - Persianas Dom\u00e9sticas","og_description":"Si vius en Sant Cugat, posa't en contacte amb Persianas Dom\u00e9sticas, instal\u00b7laci\u00f3, reparaci\u00f3 i motoritzaci\u00f3 de persianes, tendals i mosquiteres","og_url":"https:\/\/reparaciondepersianasensantcugat.com\/ca\/contacte\/","og_site_name":"Persianas Dom\u00e9sticas","article_publisher":"https:\/\/www.instagram.com\/persianasdomesticas\/","article_modified_time":"2025-03-27T11:31:22+00:00","og_image":[{"width":800,"height":600,"url":"https:\/\/reparaciondepersianasensantcugat.com\/wp-content\/uploads\/2024\/11\/Instalacion-de-persianas-de-aluminio-en-Sant-Cugat.jpg","type":"image\/jpeg"}],"twitter_card":"summary_large_image","schema":{"@context":"https:\/\/schema.org","@graph":[{"@type":"WebPage","@id":"https:\/\/reparaciondepersianasensantcugat.com\/ca\/contacte\/","url":"https:\/\/reparaciondepersianasensantcugat.com\/ca\/contacte\/","name":"Contacte - Persianas Dom\u00e9sticas","isPartOf":{"@id":"https:\/\/reparaciondepersianasensantcugat.com\/ca\/#website"},"primaryImageOfPage":{"@id":"https:\/\/reparaciondepersianasensantcugat.com\/ca\/contacte\/#primaryimage"},"image":{"@id":"https:\/\/reparaciondepersianasensantcugat.com\/ca\/contacte\/#primaryimage"},"thumbnailUrl":"https:\/\/reparaciondepersianasensantcugat.com\/wp-content\/uploads\/2024\/11\/Instalacion-de-persianas-de-aluminio-en-Sant-Cugat.jpg","datePublished":"2023-06-27T22:52:11+00:00","dateModified":"2025-03-27T11:31:22+00:00","description":"Si vius en Sant Cugat, posa't en contacte amb Persianas Dom\u00e9sticas, instal\u00b7laci\u00f3, reparaci\u00f3 i motoritzaci\u00f3 de persianes, tendals i mosquiteres","inLanguage":"ca","potentialAction":[{"@type":"ReadAction","target":["https:\/\/reparaciondepersianasensantcugat.com\/ca\/contacte\/"]}]},{"@type":"ImageObject","inLanguage":"ca","@id":"https:\/\/reparaciondepersianasensantcugat.com\/ca\/contacte\/#primaryimage","url":"https:\/\/reparaciondepersianasensantcugat.com\/wp-content\/uploads\/2024\/11\/Instalacion-de-persianas-de-aluminio-en-Sant-Cugat.jpg","contentUrl":"https:\/\/reparaciondepersianasensantcugat.com\/wp-content\/uploads\/2024\/11\/Instalacion-de-persianas-de-aluminio-en-Sant-Cugat.jpg","width":800,"height":600,"caption":"Instalacio\u0301n de persianas de aluminio en Sant Cugat"},{"@type":"WebSite","@id":"https:\/\/reparaciondepersianasensantcugat.com\/ca\/#website","url":"https:\/\/reparaciondepersianasensantcugat.com\/ca\/","name":"Persianas Dom\u00e9sticas","description":"Persianas, toldos y mosquiteras en Sant Cugat","publisher":{"@id":"https:\/\/reparaciondepersianasensantcugat.com\/ca\/#organization"},"potentialAction":[{"@type":"SearchAction","target":{"@type":"EntryPoint","urlTemplate":"https:\/\/reparaciondepersianasensantcugat.com\/ca\/?s={search_term_string}"},"query-input":{"@type":"PropertyValueSpecification","valueRequired":true,"valueName":"search_term_string"}}],"inLanguage":"ca"},{"@type":"Organization","@id":"https:\/\/reparaciondepersianasensantcugat.com\/ca\/#organization","name":"Persianas Dom\u00e9sticas","url":"https:\/\/reparaciondepersianasensantcugat.com\/ca\/","logo":{"@type":"ImageObject","inLanguage":"ca","@id":"https:\/\/reparaciondepersianasensantcugat.com\/ca\/#\/schema\/logo\/image\/","url":"https:\/\/reparaciondepersianasensantcugat.com\/wp-content\/uploads\/2025\/03\/cropped-favicon.jpg","contentUrl":"https:\/\/reparaciondepersianasensantcugat.com\/wp-content\/uploads\/2025\/03\/cropped-favicon.jpg","width":512,"height":512,"caption":"Persianas Dom\u00e9sticas"},"image":{"@id":"https:\/\/reparaciondepersianasensantcugat.com\/ca\/#\/schema\/logo\/image\/"},"sameAs":["https:\/\/www.instagram.com\/persianasdomesticas\/","https:\/\/www.youtube.com\/c\/Persianasdomesticas"]}]}},"_links":{"self":[{"href":"https:\/\/reparaciondepersianasensantcugat.com\/ca\/wp-json\/wp\/v2\/pages\/2344","targetHints":{"allow":["GET"]}}],"collection":[{"href":"https:\/\/reparaciondepersianasensantcugat.com\/ca\/wp-json\/wp\/v2\/pages"}],"about":[{"href":"https:\/\/reparaciondepersianasensantcugat.com\/ca\/wp-json\/wp\/v2\/types\/page"}],"author":[{"embeddable":true,"href":"https:\/\/reparaciondepersianasensantcugat.com\/ca\/wp-json\/wp\/v2\/users\/1"}],"replies":[{"embeddable":true,"href":"https:\/\/reparaciondepersianasensantcugat.com\/ca\/wp-json\/wp\/v2\/comments?post=2344"}],"version-history":[{"count":0,"href":"https:\/\/reparaciondepersianasensantcugat.com\/ca\/wp-json\/wp\/v2\/pages\/2344\/revisions"}],"wp:featuredmedia":[{"embeddable":true,"href":"https:\/\/reparaciondepersianasensantcugat.com\/ca\/wp-json\/wp\/v2\/media\/993"}],"wp:attachment":[{"href":"https:\/\/reparaciondepersianasensantcugat.com\/ca\/wp-json\/wp\/v2\/media?parent=2344"}],"curies":[{"name":"wp","href":"https:\/\/api.w.org\/{rel}","templated":true}]}}